{"id":4763,"date":"2026-03-17T13:11:33","date_gmt":"2026-03-17T11:11:33","guid":{"rendered":"https:\/\/beyondlimits.gr\/kreativer-reisepass\/"},"modified":"2026-04-30T10:21:14","modified_gmt":"2026-04-30T07:21:14","slug":"kreativer-reisepass","status":"publish","type":"page","link":"https:\/\/beyondlimits.gr\/de\/kreativer-reisepass\/","title":{"rendered":"Kreativer Reisepass"},"content":{"rendered":"\t\t<div data-elementor-type=\"wp-page\" data-elementor-id=\"4763\" class=\"elementor elementor-4763 elementor-4648\" data-elementor-post-type=\"page\">\n\t\t\t\t\t\t<section class=\"elementor-section elementor-top-section elementor-element elementor-element-40ba34a elementor-section-height-min-height elementor-section-full_width elementor-section-height-default elementor-section-items-middle\" data-id=\"40ba34a\" data-element_type=\"section\" data-settings=\"{&quot;background_background&quot;:&quot;classic&quot;}\">\n\t\t\t\t\t\t\t<div class=\"elementor-background-overlay\"><\/div>\n\t\t\t\t\t\t\t<div class=\"elementor-container elementor-column-gap-default\">\n\t\t\t\t\t<div class=\"elementor-column elementor-col-50 elementor-top-column elementor-element elementor-element-ee113b8\" data-id=\"ee113b8\" data-element_type=\"column\" data-settings=\"{&quot;background_background&quot;:&quot;classic&quot;}\">\n\t\t\t<div class=\"elementor-widget-wrap elementor-element-populated\">\n\t\t\t\t\t<div class=\"elementor-background-overlay\"><\/div>\n\t\t\t\t\t\t<div class=\"elementor-element elementor-element-8ba2183 elementor-widget elementor-widget-heading\" data-id=\"8ba2183\" data-element_type=\"widget\" data-widget_type=\"heading.default\">\n\t\t\t\t<div class=\"elementor-widget-container\">\n\t\t\t\t\t<h1 class=\"elementor-heading-title elementor-size-default\">Kreativer Reisepass<\/h1>\t\t\t\t<\/div>\n\t\t\t\t<\/div>\n\t\t\t\t<div class=\"elementor-element elementor-element-0c5c1ed elementor-widget__width-initial elementor-widget elementor-widget-text-editor\" data-id=\"0c5c1ed\" data-element_type=\"widget\" data-widget_type=\"text-editor.default\">\n\t\t\t\t<div class=\"elementor-widget-container\">\n\t\t\t\t\t\t\t\t\t<p>Der Creative Passport ist Ihr Eintritt in die Welt von Beyond Limits. Wenn Ihre \u00c4sthetik die Kraft hat, eine Reise in eine authentische Geschichte zu verwandeln, ist Ihr n\u00e4chster Stempel hier. <\/p>\t\t\t\t\t\t\t\t<\/div>\n\t\t\t\t<\/div>\n\t\t\t\t\t<\/div>\n\t\t<\/div>\n\t\t\t\t<div class=\"elementor-column elementor-col-50 elementor-top-column elementor-element elementor-element-13cddb2\" data-id=\"13cddb2\" data-element_type=\"column\">\n\t\t\t<div class=\"elementor-widget-wrap\">\n\t\t\t\t\t\t\t<\/div>\n\t\t<\/div>\n\t\t\t\t\t<\/div>\n\t\t<\/section>\n\t\t\t\t<section class=\"elementor-section elementor-top-section elementor-element elementor-element-9ee2b6c elementor-section-boxed elementor-section-height-default elementor-section-height-default\" data-id=\"9ee2b6c\" data-element_type=\"section\">\n\t\t\t\t\t\t<div class=\"elementor-container elementor-column-gap-default\">\n\t\t\t\t\t<div class=\"elementor-column elementor-col-50 elementor-top-column elementor-element elementor-element-6f0c9c3\" data-id=\"6f0c9c3\" data-element_type=\"column\">\n\t\t\t<div class=\"elementor-widget-wrap elementor-element-populated\">\n\t\t\t\t\t\t<div class=\"elementor-element elementor-element-b73f83e elementor-widget__width-initial elementor-widget-mobile__width-initial elementor-widget elementor-widget-heading\" data-id=\"b73f83e\" data-element_type=\"widget\" data-widget_type=\"heading.default\">\n\t\t\t\t<div class=\"elementor-widget-container\">\n\t\t\t\t\t<h2 class=\"elementor-heading-title elementor-size-default\"><span style=\"color: #C77546;\">Warum arbeiten,<\/span> <\/br> bei Beyond Limits?<\/h2>\t\t\t\t<\/div>\n\t\t\t\t<\/div>\n\t\t\t\t<div class=\"elementor-element elementor-element-a429ce4 elementor-widget__width-initial elementor-widget-tablet__width-initial elementor-widget elementor-widget-text-editor\" data-id=\"a429ce4\" data-element_type=\"widget\" data-widget_type=\"text-editor.default\">\n\t\t\t\t<div class=\"elementor-widget-container\">\n\t\t\t\t\t\t\t\t\t<p>Sie lieben es zu reisen, aber was noch wichtiger ist&#8230; wissen Sie, wie man eine Geschichte erz\u00e4hlt?<\/p><p>Wenn Sie ein <strong>Blogger, Influencer, Content Creator oder Fotograf<\/strong> sind, der seine Leidenschaft f\u00fcr Reisen, die Grenzen \u00fcberschreiten, mit anderen teilen m\u00f6chte, ist <strong>Beyond Limits<\/strong> Ihre Leinwand.<\/p>\t\t\t\t\t\t\t\t<\/div>\n\t\t\t\t<\/div>\n\t\t\t\t<div class=\"elementor-element elementor-element-0d377bc elementor-icon-list--layout-traditional elementor-list-item-link-full_width elementor-widget elementor-widget-icon-list\" data-id=\"0d377bc\" data-element_type=\"widget\" data-widget_type=\"icon-list.default\">\n\t\t\t\t<div class=\"elementor-widget-container\">\n\t\t\t\t\t\t\t<ul class=\"elementor-icon-list-items\">\n\t\t\t\t\t\t\t<li class=\"elementor-icon-list-item\">\n\t\t\t\t\t\t\t\t\t\t<span class=\"elementor-icon-list-text\"><br><b>Wenn Sie unsere Geschichte in Gang bringen und ihr Ihren Stempel aufdr\u00fccken m\u00f6chten, senden Sie uns eine E-Mail an info@beyondlimits.gr:<\/b> <\/span>\n\t\t\t\t\t\t\t\t\t<\/li>\n\t\t\t\t\t\t\t\t<li class=\"elementor-icon-list-item\">\n\t\t\t\t\t\t\t\t\t\t\t<span class=\"elementor-icon-list-icon\">\n\t\t\t\t\t\t\t<svg aria-hidden=\"true\" class=\"e-font-icon-svg e-fas-check-circle\" viewBox=\"0 0 512 512\" xmlns=\"http:\/\/www.w3.org\/2000\/svg\"><path d=\"M504 256c0 136.967-111.033 248-248 248S8 392.967 8 256 119.033 8 256 8s248 111.033 248 248zM227.314 387.314l184-184c6.248-6.248 6.248-16.379 0-22.627l-22.627-22.627c-6.248-6.249-16.379-6.249-22.628 0L216 308.118l-70.059-70.059c-6.248-6.248-16.379-6.248-22.628 0l-22.627 22.627c-6.248 6.248-6.248 16.379 0 22.627l104 104c6.249 6.249 16.379 6.249 22.628.001z\"><\/path><\/svg>\t\t\t\t\t\t<\/span>\n\t\t\t\t\t\t\t\t\t\t<span class=\"elementor-icon-list-text\"><b>Der Beweis:<\/b> das Media Kit oder Portfolio mit Ihren repr\u00e4sentativsten Arbeiten.<\/span>\n\t\t\t\t\t\t\t\t\t<\/li>\n\t\t\t\t\t\t\t\t<li class=\"elementor-icon-list-item\">\n\t\t\t\t\t\t\t\t\t\t\t<span class=\"elementor-icon-list-icon\">\n\t\t\t\t\t\t\t<svg aria-hidden=\"true\" class=\"e-font-icon-svg e-fas-check-circle\" viewBox=\"0 0 512 512\" xmlns=\"http:\/\/www.w3.org\/2000\/svg\"><path d=\"M504 256c0 136.967-111.033 248-248 248S8 392.967 8 256 119.033 8 256 8s248 111.033 248 248zM227.314 387.314l184-184c6.248-6.248 6.248-16.379 0-22.627l-22.627-22.627c-6.248-6.249-16.379-6.249-22.628 0L216 308.118l-70.059-70.059c-6.248-6.248-16.379-6.248-22.628 0l-22.627 22.627c-6.248 6.248-6.248 16.379 0 22.627l104 104c6.249 6.249 16.379 6.249 22.628.001z\"><\/path><\/svg>\t\t\t\t\t\t<\/span>\n\t\t\t\t\t\t\t\t\t\t<span class=\"elementor-icon-list-text\"><b>Die Perspektive:<\/b> Ihr kreativer (visueller und beschreibender) Ansatz zur Hervorhebung eines unserer Reiseerlebnisse.<\/span>\n\t\t\t\t\t\t\t\t\t<\/li>\n\t\t\t\t\t\t\t\t<li class=\"elementor-icon-list-item\">\n\t\t\t\t\t\t\t\t\t\t<span class=\"elementor-icon-list-text\"><br>Wir werden uns mit Ihnen in Verbindung setzen, sobald sich die richtige Gelegenheit zur Zusammenarbeit bei unseren n\u00e4chsten Projekten ergibt!<\/span>\n\t\t\t\t\t\t\t\t\t<\/li>\n\t\t\t\t\t\t<\/ul>\n\t\t\t\t\t\t<\/div>\n\t\t\t\t<\/div>\n\t\t\t\t<div class=\"elementor-element elementor-element-65710d2 elementor-align-left elementor-widget elementor-widget-button\" data-id=\"65710d2\" data-element_type=\"widget\" data-widget_type=\"button.default\">\n\t\t\t\t<div class=\"elementor-widget-container\">\n\t\t\t\t\t\t\t\t\t<div class=\"elementor-button-wrapper\">\n\t\t\t\t\t<a class=\"elementor-button elementor-button-link elementor-size-sm elementor-animation-grow\" href=\"mailto:info@beyondlimits.gr\">\n\t\t\t\t\t\t<span class=\"elementor-button-content-wrapper\">\n\t\t\t\t\t\t<span class=\"elementor-button-icon\">\n\t\t\t\t<svg aria-hidden=\"true\" class=\"e-font-icon-svg e-far-comments\" viewBox=\"0 0 576 512\" xmlns=\"http:\/\/www.w3.org\/2000\/svg\"><path d=\"M532 386.2c27.5-27.1 44-61.1 44-98.2 0-80-76.5-146.1-176.2-157.9C368.3 72.5 294.3 32 208 32 93.1 32 0 103.6 0 192c0 37 16.5 71 44 98.2-15.3 30.7-37.3 54.5-37.7 54.9-6.3 6.7-8.1 16.5-4.4 25 3.6 8.5 12 14 21.2 14 53.5 0 96.7-20.2 125.2-38.8 9.2 2.1 18.7 3.7 28.4 4.9C208.1 407.6 281.8 448 368 448c20.8 0 40.8-2.4 59.8-6.8C456.3 459.7 499.4 480 553 480c9.2 0 17.5-5.5 21.2-14 3.6-8.5 1.9-18.3-4.4-25-.4-.3-22.5-24.1-37.8-54.8zm-392.8-92.3L122.1 305c-14.1 9.1-28.5 16.3-43.1 21.4 2.7-4.7 5.4-9.7 8-14.8l15.5-31.1L77.7 256C64.2 242.6 48 220.7 48 192c0-60.7 73.3-112 160-112s160 51.3 160 112-73.3 112-160 112c-16.5 0-33-1.9-49-5.6l-19.8-4.5zM498.3 352l-24.7 24.4 15.5 31.1c2.6 5.1 5.3 10.1 8 14.8-14.6-5.1-29-12.3-43.1-21.4l-17.1-11.1-19.9 4.6c-16 3.7-32.5 5.6-49 5.6-54 0-102.2-20.1-131.3-49.7C338 339.5 416 272.9 416 192c0-3.4-.4-6.7-.7-10C479.7 196.5 528 238.8 528 288c0 28.7-16.2 50.6-29.7 64z\"><\/path><\/svg>\t\t\t<\/span>\n\t\t\t\t\t\t\t\t\t<span class=\"elementor-button-text\">info@beyondlimits.gr<\/span>\n\t\t\t\t\t<\/span>\n\t\t\t\t\t<\/a>\n\t\t\t\t<\/div>\n\t\t\t\t\t\t\t\t<\/div>\n\t\t\t\t<\/div>\n\t\t\t\t\t<\/div>\n\t\t<\/div>\n\t\t\t\t<div class=\"elementor-column elementor-col-50 elementor-top-column elementor-element elementor-element-05ea363\" data-id=\"05ea363\" data-element_type=\"column\">\n\t\t\t<div class=\"elementor-widget-wrap elementor-element-populated\">\n\t\t\t\t\t\t<div class=\"elementor-element elementor-element-5381253 elementor-widget elementor-widget-image\" data-id=\"5381253\" data-element_type=\"widget\" data-widget_type=\"image.default\">\n\t\t\t\t<div class=\"elementor-widget-container\">\n\t\t\t\t\t\t\t\t\t\t\t\t\t\t\t<img fetchpriority=\"high\" decoding=\"async\" width=\"1500\" height=\"988\" src=\"https:\/\/beyondlimits.gr\/wp-content\/uploads\/2026\/03\/MEDUSA_BeyondLimits_-LOGO_Final3.png\" class=\"attachment-full size-full wp-image-5107\" alt=\"\" srcset=\"https:\/\/beyondlimits.gr\/wp-content\/uploads\/2026\/03\/MEDUSA_BeyondLimits_-LOGO_Final3.png 1500w, https:\/\/beyondlimits.gr\/wp-content\/uploads\/2026\/03\/MEDUSA_BeyondLimits_-LOGO_Final3-300x198.png 300w, https:\/\/beyondlimits.gr\/wp-content\/uploads\/2026\/03\/MEDUSA_BeyondLimits_-LOGO_Final3-1024x674.png 1024w, https:\/\/beyondlimits.gr\/wp-content\/uploads\/2026\/03\/MEDUSA_BeyondLimits_-LOGO_Final3-768x506.png 768w, https:\/\/beyondlimits.gr\/wp-content\/uploads\/2026\/03\/MEDUSA_BeyondLimits_-LOGO_Final3-24x16.png 24w, https:\/\/beyondlimits.gr\/wp-content\/uploads\/2026\/03\/MEDUSA_BeyondLimits_-LOGO_Final3-36x24.png 36w, https:\/\/beyondlimits.gr\/wp-content\/uploads\/2026\/03\/MEDUSA_BeyondLimits_-LOGO_Final3-48x32.png 48w\" sizes=\"(max-width: 1500px) 100vw, 1500px\" \/>\t\t\t\t\t\t\t\t\t\t\t\t\t\t\t<\/div>\n\t\t\t\t<\/div>\n\t\t\t\t\t<\/div>\n\t\t<\/div>\n\t\t\t\t\t<\/div>\n\t\t<\/section>\n\t\t\t\t<\/div>\n\t\t","protected":false},"excerpt":{"rendered":"<p>Kreativer Reisepass Der Creative Passport ist Ihr Eintritt in die Welt von Beyond Limits. Wenn Ihre \u00c4sthetik die Kraft hat, eine Reise in eine authentische Geschichte zu verwandeln, ist Ihr n\u00e4chster Stempel hier. Warum arbeiten, bei Beyond Limits? Sie lieben es zu reisen, aber was noch wichtiger ist&#8230; wissen Sie, wie man eine Geschichte erz\u00e4hlt? [&hellip;]<\/p>\n","protected":false},"author":1,"featured_media":0,"parent":0,"menu_order":0,"comment_status":"closed","ping_status":"closed","template":"","meta":{"footnotes":""},"class_list":["post-4763","page","type-page","status-publish","hentry"],"yoast_head":"<!-- This site is optimized with the Yoast SEO plugin v24.9 - https:\/\/yoast.com\/wordpress\/plugins\/seo\/ -->\n<title>Kreativer Reisepass - Jenseits der Grenzen | Rafting, Wandern &amp; Abenteuer in Epirus<\/title>\n<meta name=\"robots\" content=\"index, follow, max-snippet:-1, max-image-preview:large, max-video-preview:-1\" \/>\n<link rel=\"canonical\" href=\"https:\/\/beyondlimits.gr\/de\/kreativer-reisepass\/\" \/>\n<meta property=\"og:locale\" content=\"de_DE\" \/>\n<meta property=\"og:type\" content=\"article\" \/>\n<meta property=\"og:title\" content=\"Kreativer Reisepass - Jenseits der Grenzen | Rafting, Wandern &amp; Abenteuer in Epirus\" \/>\n<meta property=\"og:description\" content=\"Kreativer Reisepass Der Creative Passport ist Ihr Eintritt in die Welt von Beyond Limits. Wenn Ihre \u00c4sthetik die Kraft hat, eine Reise in eine authentische Geschichte zu verwandeln, ist Ihr n\u00e4chster Stempel hier. Warum arbeiten, bei Beyond Limits? Sie lieben es zu reisen, aber was noch wichtiger ist&#8230; wissen Sie, wie man eine Geschichte erz\u00e4hlt? [&hellip;]\" \/>\n<meta property=\"og:url\" content=\"https:\/\/beyondlimits.gr\/de\/kreativer-reisepass\/\" \/>\n<meta property=\"og:site_name\" content=\"Jenseits der Grenzen | Rafting, Wandern &amp; Abenteuer in Epirus\" \/>\n<meta property=\"article:publisher\" content=\"https:\/\/www.facebook.com\/beyondlimitsactivities\/\" \/>\n<meta property=\"article:modified_time\" content=\"2026-04-30T07:21:14+00:00\" \/>\n<meta property=\"og:image\" content=\"https:\/\/beyondlimits.gr\/wp-content\/uploads\/2026\/03\/MEDUSA_BeyondLimits_-LOGO_Final3.png\" \/>\n\t<meta property=\"og:image:width\" content=\"1500\" \/>\n\t<meta property=\"og:image:height\" content=\"988\" \/>\n\t<meta property=\"og:image:type\" content=\"image\/png\" \/>\n<meta name=\"twitter:card\" content=\"summary_large_image\" \/>\n<meta name=\"twitter:label1\" content=\"Gesch\u00e4tzte Lesezeit\" \/>\n\t<meta name=\"twitter:data1\" content=\"1\u00a0Minute\" \/>\n<script type=\"application\/ld+json\" class=\"yoast-schema-graph\">{\"@context\":\"https:\/\/schema.org\",\"@graph\":[{\"@type\":\"WebPage\",\"@id\":\"https:\/\/beyondlimits.gr\/de\/kreativer-reisepass\/\",\"url\":\"https:\/\/beyondlimits.gr\/de\/kreativer-reisepass\/\",\"name\":\"Kreativer Reisepass - Jenseits der Grenzen | Rafting, Wandern &amp; Abenteuer in Epirus\",\"isPartOf\":{\"@id\":\"https:\/\/beyondlimits.gr\/#website\"},\"primaryImageOfPage\":{\"@id\":\"https:\/\/beyondlimits.gr\/de\/kreativer-reisepass\/#primaryimage\"},\"image\":{\"@id\":\"https:\/\/beyondlimits.gr\/de\/kreativer-reisepass\/#primaryimage\"},\"thumbnailUrl\":\"https:\/\/beyondlimits.gr\/wp-content\/uploads\/2026\/03\/MEDUSA_BeyondLimits_-LOGO_Final3.png\",\"datePublished\":\"2026-03-17T11:11:33+00:00\",\"dateModified\":\"2026-04-30T07:21:14+00:00\",\"breadcrumb\":{\"@id\":\"https:\/\/beyondlimits.gr\/de\/kreativer-reisepass\/#breadcrumb\"},\"inLanguage\":\"de\",\"potentialAction\":[{\"@type\":\"ReadAction\",\"target\":[\"https:\/\/beyondlimits.gr\/de\/kreativer-reisepass\/\"]}]},{\"@type\":\"ImageObject\",\"inLanguage\":\"de\",\"@id\":\"https:\/\/beyondlimits.gr\/de\/kreativer-reisepass\/#primaryimage\",\"url\":\"https:\/\/beyondlimits.gr\/wp-content\/uploads\/2026\/03\/MEDUSA_BeyondLimits_-LOGO_Final3.png\",\"contentUrl\":\"https:\/\/beyondlimits.gr\/wp-content\/uploads\/2026\/03\/MEDUSA_BeyondLimits_-LOGO_Final3.png\"},{\"@type\":\"BreadcrumbList\",\"@id\":\"https:\/\/beyondlimits.gr\/de\/kreativer-reisepass\/#breadcrumb\",\"itemListElement\":[{\"@type\":\"ListItem\",\"position\":1,\"name\":\"\u0391\u03c1\u03c7\u03b9\u03ba\u03ae\",\"item\":\"https:\/\/beyondlimits.gr\/\"},{\"@type\":\"ListItem\",\"position\":2,\"name\":\"Kreativer Reisepass\"}]},{\"@type\":\"WebSite\",\"@id\":\"https:\/\/beyondlimits.gr\/#website\",\"url\":\"https:\/\/beyondlimits.gr\/\",\"name\":\"Jenseits der Grenzen | Rafting, Wandern &amp; Abenteuer in Epirus\",\"description\":\"Rafting, Wandern, kulturelle Routen und bequeme Transfers von\/nach Preveza, Athen, Thessaloniki, Igoumenitsa und mehr.\",\"publisher\":{\"@id\":\"https:\/\/beyondlimits.gr\/#organization\"},\"potentialAction\":[{\"@type\":\"SearchAction\",\"target\":{\"@type\":\"EntryPoint\",\"urlTemplate\":\"https:\/\/beyondlimits.gr\/?s={search_term_string}\"},\"query-input\":{\"@type\":\"PropertyValueSpecification\",\"valueRequired\":true,\"valueName\":\"search_term_string\"}}],\"inLanguage\":\"de\"},{\"@type\":\"Organization\",\"@id\":\"https:\/\/beyondlimits.gr\/#organization\",\"name\":\"Beyond Limits\",\"url\":\"https:\/\/beyondlimits.gr\/\",\"logo\":{\"@type\":\"ImageObject\",\"inLanguage\":\"de\",\"@id\":\"https:\/\/beyondlimits.gr\/#\/schema\/logo\/image\/\",\"url\":\"https:\/\/beyondlimits.gr\/wp-content\/uploads\/2024\/09\/beyondlimits-finallogo-withcolor.svg\",\"contentUrl\":\"https:\/\/beyondlimits.gr\/wp-content\/uploads\/2024\/09\/beyondlimits-finallogo-withcolor.svg\",\"width\":1,\"height\":1,\"caption\":\"Beyond Limits\"},\"image\":{\"@id\":\"https:\/\/beyondlimits.gr\/#\/schema\/logo\/image\/\"},\"sameAs\":[\"https:\/\/www.facebook.com\/beyondlimitsactivities\/\",\"https:\/\/www.tiktok.com\/@beyondlimits.gr\"]}]}<\/script>\n<!-- \/ Yoast SEO plugin. -->","yoast_head_json":{"title":"Kreativer Reisepass - Jenseits der Grenzen | Rafting, Wandern &amp; Abenteuer in Epirus","robots":{"index":"index","follow":"follow","max-snippet":"max-snippet:-1","max-image-preview":"max-image-preview:large","max-video-preview":"max-video-preview:-1"},"canonical":"https:\/\/beyondlimits.gr\/de\/kreativer-reisepass\/","og_locale":"de_DE","og_type":"article","og_title":"Kreativer Reisepass - Jenseits der Grenzen | Rafting, Wandern &amp; Abenteuer in Epirus","og_description":"Kreativer Reisepass Der Creative Passport ist Ihr Eintritt in die Welt von Beyond Limits. Wenn Ihre \u00c4sthetik die Kraft hat, eine Reise in eine authentische Geschichte zu verwandeln, ist Ihr n\u00e4chster Stempel hier. Warum arbeiten, bei Beyond Limits? Sie lieben es zu reisen, aber was noch wichtiger ist&#8230; wissen Sie, wie man eine Geschichte erz\u00e4hlt? [&hellip;]","og_url":"https:\/\/beyondlimits.gr\/de\/kreativer-reisepass\/","og_site_name":"Jenseits der Grenzen | Rafting, Wandern &amp; Abenteuer in Epirus","article_publisher":"https:\/\/www.facebook.com\/beyondlimitsactivities\/","article_modified_time":"2026-04-30T07:21:14+00:00","og_image":[{"width":1500,"height":988,"url":"https:\/\/beyondlimits.gr\/wp-content\/uploads\/2026\/03\/MEDUSA_BeyondLimits_-LOGO_Final3.png","type":"image\/png"}],"twitter_card":"summary_large_image","twitter_misc":{"Gesch\u00e4tzte Lesezeit":"1\u00a0Minute"},"schema":{"@context":"https:\/\/schema.org","@graph":[{"@type":"WebPage","@id":"https:\/\/beyondlimits.gr\/de\/kreativer-reisepass\/","url":"https:\/\/beyondlimits.gr\/de\/kreativer-reisepass\/","name":"Kreativer Reisepass - Jenseits der Grenzen | Rafting, Wandern &amp; Abenteuer in Epirus","isPartOf":{"@id":"https:\/\/beyondlimits.gr\/#website"},"primaryImageOfPage":{"@id":"https:\/\/beyondlimits.gr\/de\/kreativer-reisepass\/#primaryimage"},"image":{"@id":"https:\/\/beyondlimits.gr\/de\/kreativer-reisepass\/#primaryimage"},"thumbnailUrl":"https:\/\/beyondlimits.gr\/wp-content\/uploads\/2026\/03\/MEDUSA_BeyondLimits_-LOGO_Final3.png","datePublished":"2026-03-17T11:11:33+00:00","dateModified":"2026-04-30T07:21:14+00:00","breadcrumb":{"@id":"https:\/\/beyondlimits.gr\/de\/kreativer-reisepass\/#breadcrumb"},"inLanguage":"de","potentialAction":[{"@type":"ReadAction","target":["https:\/\/beyondlimits.gr\/de\/kreativer-reisepass\/"]}]},{"@type":"ImageObject","inLanguage":"de","@id":"https:\/\/beyondlimits.gr\/de\/kreativer-reisepass\/#primaryimage","url":"https:\/\/beyondlimits.gr\/wp-content\/uploads\/2026\/03\/MEDUSA_BeyondLimits_-LOGO_Final3.png","contentUrl":"https:\/\/beyondlimits.gr\/wp-content\/uploads\/2026\/03\/MEDUSA_BeyondLimits_-LOGO_Final3.png"},{"@type":"BreadcrumbList","@id":"https:\/\/beyondlimits.gr\/de\/kreativer-reisepass\/#breadcrumb","itemListElement":[{"@type":"ListItem","position":1,"name":"\u0391\u03c1\u03c7\u03b9\u03ba\u03ae","item":"https:\/\/beyondlimits.gr\/"},{"@type":"ListItem","position":2,"name":"Kreativer Reisepass"}]},{"@type":"WebSite","@id":"https:\/\/beyondlimits.gr\/#website","url":"https:\/\/beyondlimits.gr\/","name":"Jenseits der Grenzen | Rafting, Wandern &amp; Abenteuer in Epirus","description":"Rafting, Wandern, kulturelle Routen und bequeme Transfers von\/nach Preveza, Athen, Thessaloniki, Igoumenitsa und mehr.","publisher":{"@id":"https:\/\/beyondlimits.gr\/#organization"},"potentialAction":[{"@type":"SearchAction","target":{"@type":"EntryPoint","urlTemplate":"https:\/\/beyondlimits.gr\/?s={search_term_string}"},"query-input":{"@type":"PropertyValueSpecification","valueRequired":true,"valueName":"search_term_string"}}],"inLanguage":"de"},{"@type":"Organization","@id":"https:\/\/beyondlimits.gr\/#organization","name":"Beyond Limits","url":"https:\/\/beyondlimits.gr\/","logo":{"@type":"ImageObject","inLanguage":"de","@id":"https:\/\/beyondlimits.gr\/#\/schema\/logo\/image\/","url":"https:\/\/beyondlimits.gr\/wp-content\/uploads\/2024\/09\/beyondlimits-finallogo-withcolor.svg","contentUrl":"https:\/\/beyondlimits.gr\/wp-content\/uploads\/2024\/09\/beyondlimits-finallogo-withcolor.svg","width":1,"height":1,"caption":"Beyond Limits"},"image":{"@id":"https:\/\/beyondlimits.gr\/#\/schema\/logo\/image\/"},"sameAs":["https:\/\/www.facebook.com\/beyondlimitsactivities\/","https:\/\/www.tiktok.com\/@beyondlimits.gr"]}]}},"_links":{"self":[{"href":"https:\/\/beyondlimits.gr\/de\/wp-json\/wp\/v2\/pages\/4763","targetHints":{"allow":["GET"]}}],"collection":[{"href":"https:\/\/beyondlimits.gr\/de\/wp-json\/wp\/v2\/pages"}],"about":[{"href":"https:\/\/beyondlimits.gr\/de\/wp-json\/wp\/v2\/types\/page"}],"author":[{"embeddable":true,"href":"https:\/\/beyondlimits.gr\/de\/wp-json\/wp\/v2\/users\/1"}],"replies":[{"embeddable":true,"href":"https:\/\/beyondlimits.gr\/de\/wp-json\/wp\/v2\/comments?post=4763"}],"version-history":[{"count":3,"href":"https:\/\/beyondlimits.gr\/de\/wp-json\/wp\/v2\/pages\/4763\/revisions"}],"predecessor-version":[{"id":5176,"href":"https:\/\/beyondlimits.gr\/de\/wp-json\/wp\/v2\/pages\/4763\/revisions\/5176"}],"wp:attachment":[{"href":"https:\/\/beyondlimits.gr\/de\/wp-json\/wp\/v2\/media?parent=4763"}],"curies":[{"name":"wp","href":"https:\/\/api.w.org\/{rel}","templated":true}]}}