{"id":3150,"date":"2024-09-01T12:51:16","date_gmt":"2024-09-01T09:51:16","guid":{"rendered":"https:\/\/beyondlimits.gr\/kontakt\/"},"modified":"2025-05-05T15:31:50","modified_gmt":"2025-05-05T12:31:50","slug":"kontakt","status":"publish","type":"page","link":"https:\/\/beyondlimits.gr\/de\/kontakt\/","title":{"rendered":"Kontakt"},"content":{"rendered":"\t\t<div data-elementor-type=\"wp-page\" data-elementor-id=\"3150\" class=\"elementor elementor-3150 elementor-109\" data-elementor-post-type=\"page\">\n\t\t\t\t\t\t<section class=\"elementor-section elementor-top-section elementor-element elementor-element-e6c556a elementor-section-height-min-height elementor-section-full_width elementor-section-height-default elementor-section-items-middle\" data-id=\"e6c556a\" data-element_type=\"section\" data-settings=\"{&quot;background_background&quot;:&quot;classic&quot;}\">\n\t\t\t\t\t\t\t<div class=\"elementor-background-overlay\"><\/div>\n\t\t\t\t\t\t\t<div class=\"elementor-container elementor-column-gap-default\">\n\t\t\t\t\t<div class=\"elementor-column elementor-col-50 elementor-top-column elementor-element elementor-element-f8e391f\" data-id=\"f8e391f\" data-element_type=\"column\" data-settings=\"{&quot;background_background&quot;:&quot;classic&quot;}\">\n\t\t\t<div class=\"elementor-widget-wrap elementor-element-populated\">\n\t\t\t\t\t<div class=\"elementor-background-overlay\"><\/div>\n\t\t\t\t\t\t<div class=\"elementor-element elementor-element-e851e5e elementor-widget elementor-widget-heading\" data-id=\"e851e5e\" data-element_type=\"widget\" data-widget_type=\"heading.default\">\n\t\t\t\t<div class=\"elementor-widget-container\">\n\t\t\t\t\t<h1 class=\"elementor-heading-title elementor-size-default\">Kontakt<\/h1>\t\t\t\t<\/div>\n\t\t\t\t<\/div>\n\t\t\t\t<div class=\"elementor-element elementor-element-2556666 elementor-widget__width-initial elementor-widget elementor-widget-text-editor\" data-id=\"2556666\" data-element_type=\"widget\" data-widget_type=\"text-editor.default\">\n\t\t\t\t<div class=\"elementor-widget-container\">\n\t\t\t\t\t\t\t\t\t<p>Die Kontaktaufnahme mit uns ist nicht nur eine Formalit\u00e4t &#8211; sie ist der erste Schritt zur Gestaltung des Erlebnisses, von dem Sie gemeinsam tr\u00e4umen.<\/p>\t\t\t\t\t\t\t\t<\/div>\n\t\t\t\t<\/div>\n\t\t\t\t\t<\/div>\n\t\t<\/div>\n\t\t\t\t<div class=\"elementor-column elementor-col-50 elementor-top-column elementor-element elementor-element-5ced9d2\" data-id=\"5ced9d2\" data-element_type=\"column\">\n\t\t\t<div class=\"elementor-widget-wrap\">\n\t\t\t\t\t\t\t<\/div>\n\t\t<\/div>\n\t\t\t\t\t<\/div>\n\t\t<\/section>\n\t\t\t\t<section class=\"elementor-section elementor-top-section elementor-element elementor-element-51c1021 elementor-section-boxed elementor-section-height-default elementor-section-height-default\" data-id=\"51c1021\" data-element_type=\"section\">\n\t\t\t\t\t\t<div class=\"elementor-container elementor-column-gap-default\">\n\t\t\t\t\t<div class=\"elementor-column elementor-col-50 elementor-top-column elementor-element elementor-element-742ee91\" data-id=\"742ee91\" data-element_type=\"column\">\n\t\t\t<div class=\"elementor-widget-wrap elementor-element-populated\">\n\t\t\t\t\t\t<div class=\"elementor-element elementor-element-d1e6aa4 elementor-widget__width-initial elementor-widget-tablet__width-initial elementor-widget-mobile__width-initial elementor-widget elementor-widget-heading\" data-id=\"d1e6aa4\" data-element_type=\"widget\" data-widget_type=\"heading.default\">\n\t\t\t\t<div class=\"elementor-widget-container\">\n\t\t\t\t\t<h2 class=\"elementor-heading-title elementor-size-default\">Wir sind hier, um Ihnen zuzuh\u00f6ren, Sie zu f\u00fchren und Ihnen die Reise vorzuschlagen, die am besten zu Ihnen passt.<\/h2>\t\t\t\t<\/div>\n\t\t\t\t<\/div>\n\t\t\t\t\t<\/div>\n\t\t<\/div>\n\t\t\t\t<div class=\"elementor-column elementor-col-50 elementor-top-column elementor-element elementor-element-d5e6404\" data-id=\"d5e6404\" data-element_type=\"column\">\n\t\t\t<div class=\"elementor-widget-wrap elementor-element-populated\">\n\t\t\t\t\t\t<div class=\"elementor-element elementor-element-aa97e22 elementor-icon-list--layout-traditional elementor-list-item-link-full_width elementor-widget elementor-widget-icon-list\" data-id=\"aa97e22\" data-element_type=\"widget\" data-widget_type=\"icon-list.default\">\n\t\t\t\t<div class=\"elementor-widget-container\">\n\t\t\t\t\t\t\t<ul class=\"elementor-icon-list-items\">\n\t\t\t\t\t\t\t<li class=\"elementor-icon-list-item\">\n\t\t\t\t\t\t\t\t\t\t\t<span class=\"elementor-icon-list-icon\">\n\t\t\t\t\t\t\t<svg aria-hidden=\"true\" class=\"e-font-icon-svg e-fas-map-marker-alt\" viewBox=\"0 0 384 512\" xmlns=\"http:\/\/www.w3.org\/2000\/svg\"><path d=\"M172.268 501.67C26.97 291.031 0 269.413 0 192 0 85.961 85.961 0 192 0s192 85.961 192 192c0 77.413-26.97 99.031-172.268 309.67-9.535 13.774-29.93 13.773-39.464 0zM192 272c44.183 0 80-35.817 80-80s-35.817-80-80-80-80 35.817-80 80 35.817 80 80 80z\"><\/path><\/svg>\t\t\t\t\t\t<\/span>\n\t\t\t\t\t\t\t\t\t\t<span class=\"elementor-icon-list-text\">Adresse:Acheron-Quellen, Vuvopotamos, Preveza, Griechenland, 48062<\/span>\n\t\t\t\t\t\t\t\t\t<\/li>\n\t\t\t\t\t\t\t\t<li class=\"elementor-icon-list-item\">\n\t\t\t\t\t\t\t\t\t\t\t<a href=\"tel:+306970353354\">\n\n\t\t\t\t\t\t\t\t\t\t\t\t<span class=\"elementor-icon-list-icon\">\n\t\t\t\t\t\t\t<svg aria-hidden=\"true\" class=\"e-font-icon-svg e-fas-phone-alt\" viewBox=\"0 0 512 512\" xmlns=\"http:\/\/www.w3.org\/2000\/svg\"><path d=\"M497.39 361.8l-112-48a24 24 0 0 0-28 6.9l-49.6 60.6A370.66 370.66 0 0 1 130.6 204.11l60.6-49.6a23.94 23.94 0 0 0 6.9-28l-48-112A24.16 24.16 0 0 0 122.6.61l-104 24A24 24 0 0 0 0 48c0 256.5 207.9 464 464 464a24 24 0 0 0 23.4-18.6l24-104a24.29 24.29 0 0 0-14.01-27.6z\"><\/path><\/svg>\t\t\t\t\t\t<\/span>\n\t\t\t\t\t\t\t\t\t\t<span class=\"elementor-icon-list-text\">+30 6970 353 354<\/span>\n\t\t\t\t\t\t\t\t\t\t\t<\/a>\n\t\t\t\t\t\t\t\t\t<\/li>\n\t\t\t\t\t\t\t\t<li class=\"elementor-icon-list-item\">\n\t\t\t\t\t\t\t\t\t\t\t<a href=\"mailto:%20info@beyondlimits.gr\">\n\n\t\t\t\t\t\t\t\t\t\t\t\t<span class=\"elementor-icon-list-icon\">\n\t\t\t\t\t\t\t<svg aria-hidden=\"true\" class=\"e-font-icon-svg e-fas-envelope\" viewBox=\"0 0 512 512\" xmlns=\"http:\/\/www.w3.org\/2000\/svg\"><path d=\"M502.3 190.8c3.9-3.1 9.7-.2 9.7 4.7V400c0 26.5-21.5 48-48 48H48c-26.5 0-48-21.5-48-48V195.6c0-5 5.7-7.8 9.7-4.7 22.4 17.4 52.1 39.5 154.1 113.6 21.1 15.4 56.7 47.8 92.2 47.6 35.7.3 72-32.8 92.3-47.6 102-74.1 131.6-96.3 154-113.7zM256 320c23.2.4 56.6-29.2 73.4-41.4 132.7-96.3 142.8-104.7 173.4-128.7 5.8-4.5 9.2-11.5 9.2-18.9v-19c0-26.5-21.5-48-48-48H48C21.5 64 0 85.5 0 112v19c0 7.4 3.4 14.3 9.2 18.9 30.6 23.9 40.7 32.4 173.4 128.7 16.8 12.2 50.2 41.8 73.4 41.4z\"><\/path><\/svg>\t\t\t\t\t\t<\/span>\n\t\t\t\t\t\t\t\t\t\t<span class=\"elementor-icon-list-text\">info@beyondlimits.gr<\/span>\n\t\t\t\t\t\t\t\t\t\t\t<\/a>\n\t\t\t\t\t\t\t\t\t<\/li>\n\t\t\t\t\t\t<\/ul>\n\t\t\t\t\t\t<\/div>\n\t\t\t\t<\/div>\n\t\t\t\t\t<\/div>\n\t\t<\/div>\n\t\t\t\t\t<\/div>\n\t\t<\/section>\n\t\t\t\t<section class=\"elementor-section elementor-top-section elementor-element elementor-element-7eb79b0 elementor-section-boxed elementor-section-height-default elementor-section-height-default\" data-id=\"7eb79b0\" data-element_type=\"section\">\n\t\t\t\t\t\t<div class=\"elementor-container elementor-column-gap-default\">\n\t\t\t\t\t<div class=\"elementor-column elementor-col-100 elementor-top-column elementor-element elementor-element-b5b9aef\" data-id=\"b5b9aef\" data-element_type=\"column\">\n\t\t\t<div class=\"elementor-widget-wrap elementor-element-populated\">\n\t\t\t\t\t\t<div class=\"elementor-element elementor-element-37f7b98 elementor-widget__width-initial elementor-widget elementor-widget-heading\" data-id=\"37f7b98\" data-element_type=\"widget\" data-widget_type=\"heading.default\">\n\t\t\t\t<div class=\"elementor-widget-container\">\n\t\t\t\t\t<h2 class=\"elementor-heading-title elementor-size-default\">Kontakt<\/h2>\t\t\t\t<\/div>\n\t\t\t\t<\/div>\n\t\t\t\t<div class=\"elementor-element elementor-element-54caab5 elementor-button-align-center elementor-widget elementor-widget-form\" data-id=\"54caab5\" data-element_type=\"widget\" data-settings=\"{&quot;step_next_label&quot;:&quot;Weiter&quot;,&quot;step_previous_label&quot;:&quot;Vorherige&quot;,&quot;button_width&quot;:&quot;100&quot;,&quot;step_type&quot;:&quot;number_text&quot;,&quot;step_icon_shape&quot;:&quot;circle&quot;}\" data-widget_type=\"form.default\">\n\t\t\t\t<div class=\"elementor-widget-container\">\n\t\t\t\t\t\t\t<form class=\"elementor-form\" method=\"post\" name=\"Jenseits der Grenzen Kommunikation\">\n\t\t\t<input type=\"hidden\" name=\"post_id\" value=\"3150\"\/>\n\t\t\t<input type=\"hidden\" name=\"form_id\" value=\"54caab5\"\/>\n\t\t\t<input type=\"hidden\" name=\"referer_title\" value=\"Jenseits der Grenzen | Rafting, Wandern &amp; Abenteuer in Epirus\" \/>\n\n\t\t\t\n\t\t\t<div class=\"elementor-form-fields-wrapper elementor-labels-above\">\n\t\t\t\t\t\t\t\t<div class=\"elementor-field-type-text elementor-field-group elementor-column elementor-field-group-name elementor-col-50\">\n\t\t\t\t\t\t\t\t\t\t\t\t\t<input size=\"1\" type=\"text\" name=\"form_fields[name]\" id=\"form-field-name\" class=\"elementor-field elementor-size-md  elementor-field-textual\" placeholder=\"Name\">\n\t\t\t\t\t\t\t\t\t\t\t<\/div>\n\t\t\t\t\t\t\t\t<div class=\"elementor-field-type-text elementor-field-group elementor-column elementor-field-group-field_a011daf elementor-col-50\">\n\t\t\t\t\t\t\t\t\t\t\t\t\t<input size=\"1\" type=\"text\" name=\"form_fields[field_a011daf]\" id=\"form-field-field_a011daf\" class=\"elementor-field elementor-size-md  elementor-field-textual\" placeholder=\"Nachname\">\n\t\t\t\t\t\t\t\t\t\t\t<\/div>\n\t\t\t\t\t\t\t\t<div class=\"elementor-field-type-tel elementor-field-group elementor-column elementor-field-group-field_0f588b5 elementor-col-50\">\n\t\t\t\t\t\t\t<input size=\"1\" type=\"tel\" name=\"form_fields[field_0f588b5]\" id=\"form-field-field_0f588b5\" class=\"elementor-field elementor-size-md  elementor-field-textual\" placeholder=\"Telefon\" pattern=\"[0-9()#&amp;+*-=.]+\" title=\"Nur Nummern oder Telefon-Zeichen (#, -, *, etc) werden akzeptiert.\">\n\n\t\t\t\t\t\t<\/div>\n\t\t\t\t\t\t\t\t<div class=\"elementor-field-type-email elementor-field-group elementor-column elementor-field-group-email elementor-col-50 elementor-field-required\">\n\t\t\t\t\t\t\t\t\t\t\t\t\t<input size=\"1\" type=\"email\" name=\"form_fields[email]\" id=\"form-field-email\" class=\"elementor-field elementor-size-md  elementor-field-textual\" placeholder=\"E-Mail\" required=\"required\">\n\t\t\t\t\t\t\t\t\t\t\t<\/div>\n\t\t\t\t\t\t\t\t<div class=\"elementor-field-type-checkbox elementor-field-group elementor-column elementor-field-group-field_8ab7484 elementor-col-100\">\n\t\t\t\t\t\t\t\t\t\t\t\t<label for=\"form-field-field_8ab7484\" class=\"elementor-field-label\">\n\t\t\t\t\t\t\t\tIch bin interessiert an\t\t\t\t\t\t\t<\/label>\n\t\t\t\t\t\t<div class=\"elementor-field-subgroup  \"><span class=\"elementor-field-option\"><input type=\"checkbox\" value=\"Private Verkehrsdienste\" id=\"form-field-field_8ab7484-0\" name=\"form_fields[field_8ab7484][]\"> <label for=\"form-field-field_8ab7484-0\">Private Verkehrsdienste<\/label><\/span><span class=\"elementor-field-option\"><input type=\"checkbox\" value=\"Aktivit\u00e4ten\" id=\"form-field-field_8ab7484-1\" name=\"form_fields[field_8ab7484][]\"> <label for=\"form-field-field_8ab7484-1\">Aktivit\u00e4ten<\/label><\/span><\/div>\t\t\t\t<\/div>\n\t\t\t\t\t\t\t\t<div class=\"elementor-field-type-textarea elementor-field-group elementor-column elementor-field-group-message elementor-col-100\">\n\t\t\t\t\t<textarea class=\"elementor-field-textual elementor-field  elementor-size-md\" name=\"form_fields[message]\" id=\"form-field-message\" rows=\"4\" placeholder=\"Nachricht\"><\/textarea>\t\t\t\t<\/div>\n\t\t\t\t\t\t\t\t<div class=\"elementor-field-type-recaptcha_v3 elementor-field-group elementor-column elementor-field-group-field_1f54b20 elementor-col-100 recaptcha_v3-bottomleft\">\n\t\t\t\t\t<div class=\"elementor-field\" id=\"form-field-field_1f54b20\"><div class=\"elementor-g-recaptcha\" data-sitekey=\"6LeVWhgrAAAAAFv1zRMMNGQSepqDK6ZarPG83F2q\" data-type=\"v3\" data-action=\"Form\" data-badge=\"bottomleft\" data-size=\"invisible\"><\/div><\/div>\t\t\t\t<\/div>\n\t\t\t\t\t\t\t\t<div class=\"elementor-field-group elementor-column elementor-field-type-submit elementor-col-100 e-form__buttons\">\n\t\t\t\t\t<button class=\"elementor-button elementor-size-sm\" type=\"submit\">\n\t\t\t\t\t\t<span class=\"elementor-button-content-wrapper\">\n\t\t\t\t\t\t\t\t\t\t\t\t\t\t\t\t\t\t\t\t\t\t<span class=\"elementor-button-text\">Senden an<\/span>\n\t\t\t\t\t\t\t\t\t\t\t\t\t<\/span>\n\t\t\t\t\t<\/button>\n\t\t\t\t<\/div>\n\t\t\t<\/div>\n\t\t<\/form>\n\t\t\t\t\t\t<\/div>\n\t\t\t\t<\/div>\n\t\t\t\t\t<\/div>\n\t\t<\/div>\n\t\t\t\t\t<\/div>\n\t\t<\/section>\n\t\t\t\t<\/div>\n\t\t","protected":false},"excerpt":{"rendered":"<p>Kontakt Die Kontaktaufnahme mit uns ist nicht nur eine Formalit\u00e4t &#8211; sie ist der erste Schritt zur Gestaltung des Erlebnisses, von dem Sie gemeinsam tr\u00e4umen. Wir sind hier, um Ihnen zuzuh\u00f6ren, Sie zu f\u00fchren und Ihnen die Reise vorzuschlagen, die am besten zu Ihnen passt. Adresse:Acheron-Quellen, Vuvopotamos, Preveza, Griechenland, 48062 +30 6970 353 354 info@beyondlimits.gr [&hellip;]<\/p>\n","protected":false},"author":1,"featured_media":0,"parent":0,"menu_order":0,"comment_status":"closed","ping_status":"closed","template":"","meta":{"footnotes":""},"class_list":["post-3150","page","type-page","status-publish","hentry"],"yoast_head":"<!-- This site is optimized with the Yoast SEO plugin v24.9 - https:\/\/yoast.com\/wordpress\/plugins\/seo\/ -->\n<title>Kontakt - Jenseits der Grenzen | Rafting, Wandern &amp; Abenteuer in Epirus<\/title>\n<meta name=\"robots\" content=\"index, follow, max-snippet:-1, max-image-preview:large, max-video-preview:-1\" \/>\n<link rel=\"canonical\" href=\"https:\/\/beyondlimits.gr\/epikoinonia\/\" \/>\n<meta property=\"og:locale\" content=\"de_DE\" \/>\n<meta property=\"og:type\" content=\"article\" \/>\n<meta property=\"og:title\" content=\"Kontakt - Jenseits der Grenzen | Rafting, Wandern &amp; Abenteuer in Epirus\" \/>\n<meta property=\"og:description\" content=\"Kontakt Die Kontaktaufnahme mit uns ist nicht nur eine Formalit\u00e4t &#8211; sie ist der erste Schritt zur Gestaltung des Erlebnisses, von dem Sie gemeinsam tr\u00e4umen. Wir sind hier, um Ihnen zuzuh\u00f6ren, Sie zu f\u00fchren und Ihnen die Reise vorzuschlagen, die am besten zu Ihnen passt. Adresse:Acheron-Quellen, Vuvopotamos, Preveza, Griechenland, 48062 +30 6970 353 354 info@beyondlimits.gr [&hellip;]\" \/>\n<meta property=\"og:url\" content=\"https:\/\/beyondlimits.gr\/epikoinonia\/\" \/>\n<meta property=\"og:site_name\" content=\"Jenseits der Grenzen | Rafting, Wandern &amp; Abenteuer in Epirus\" \/>\n<meta property=\"article:publisher\" content=\"https:\/\/www.facebook.com\/beyondlimitsactivities\/\" \/>\n<meta property=\"article:modified_time\" content=\"2025-05-05T12:31:50+00:00\" \/>\n<meta property=\"og:image\" content=\"https:\/\/beyondlimits.gr\/wp-content\/uploads\/2024\/09\/logo1BL-1.png\" \/>\n\t<meta property=\"og:image:width\" content=\"795\" \/>\n\t<meta property=\"og:image:height\" content=\"404\" \/>\n\t<meta property=\"og:image:type\" content=\"image\/png\" \/>\n<meta name=\"twitter:card\" content=\"summary_large_image\" \/>\n<meta name=\"twitter:label1\" content=\"Gesch\u00e4tzte Lesezeit\" \/>\n\t<meta name=\"twitter:data1\" content=\"1\u00a0Minute\" \/>\n<script type=\"application\/ld+json\" class=\"yoast-schema-graph\">{\"@context\":\"https:\/\/schema.org\",\"@graph\":[{\"@type\":\"WebPage\",\"@id\":\"https:\/\/beyondlimits.gr\/epikoinonia\/\",\"url\":\"https:\/\/beyondlimits.gr\/epikoinonia\/\",\"name\":\"Kontakt - Jenseits der Grenzen | Rafting, Wandern &amp; Abenteuer in Epirus\",\"isPartOf\":{\"@id\":\"https:\/\/beyondlimits.gr\/#website\"},\"datePublished\":\"2024-09-01T09:51:16+00:00\",\"dateModified\":\"2025-05-05T12:31:50+00:00\",\"breadcrumb\":{\"@id\":\"https:\/\/beyondlimits.gr\/epikoinonia\/#breadcrumb\"},\"inLanguage\":\"de\",\"potentialAction\":[{\"@type\":\"ReadAction\",\"target\":[\"https:\/\/beyondlimits.gr\/epikoinonia\/\"]}]},{\"@type\":\"BreadcrumbList\",\"@id\":\"https:\/\/beyondlimits.gr\/epikoinonia\/#breadcrumb\",\"itemListElement\":[{\"@type\":\"ListItem\",\"position\":1,\"name\":\"\u0391\u03c1\u03c7\u03b9\u03ba\u03ae\",\"item\":\"https:\/\/beyondlimits.gr\/\"},{\"@type\":\"ListItem\",\"position\":2,\"name\":\"Kontakt\"}]},{\"@type\":\"WebSite\",\"@id\":\"https:\/\/beyondlimits.gr\/#website\",\"url\":\"https:\/\/beyondlimits.gr\/\",\"name\":\"Jenseits der Grenzen | Rafting, Wandern &amp; Abenteuer in Epirus\",\"description\":\"Rafting, Wandern, kulturelle Routen und bequeme Transfers von\/nach Preveza, Athen, Thessaloniki, Igoumenitsa und mehr.\",\"publisher\":{\"@id\":\"https:\/\/beyondlimits.gr\/#organization\"},\"potentialAction\":[{\"@type\":\"SearchAction\",\"target\":{\"@type\":\"EntryPoint\",\"urlTemplate\":\"https:\/\/beyondlimits.gr\/?s={search_term_string}\"},\"query-input\":{\"@type\":\"PropertyValueSpecification\",\"valueRequired\":true,\"valueName\":\"search_term_string\"}}],\"inLanguage\":\"de\"},{\"@type\":\"Organization\",\"@id\":\"https:\/\/beyondlimits.gr\/#organization\",\"name\":\"Beyond Limits\",\"url\":\"https:\/\/beyondlimits.gr\/\",\"logo\":{\"@type\":\"ImageObject\",\"inLanguage\":\"de\",\"@id\":\"https:\/\/beyondlimits.gr\/#\/schema\/logo\/image\/\",\"url\":\"https:\/\/beyondlimits.gr\/wp-content\/uploads\/2024\/09\/beyondlimits-finallogo-withcolor.svg\",\"contentUrl\":\"https:\/\/beyondlimits.gr\/wp-content\/uploads\/2024\/09\/beyondlimits-finallogo-withcolor.svg\",\"width\":1,\"height\":1,\"caption\":\"Beyond Limits\"},\"image\":{\"@id\":\"https:\/\/beyondlimits.gr\/#\/schema\/logo\/image\/\"},\"sameAs\":[\"https:\/\/www.facebook.com\/beyondlimitsactivities\/\",\"https:\/\/www.tiktok.com\/@beyondlimits.gr\"]}]}<\/script>\n<!-- \/ Yoast SEO plugin. -->","yoast_head_json":{"title":"Kontakt - Jenseits der Grenzen | Rafting, Wandern &amp; Abenteuer in Epirus","robots":{"index":"index","follow":"follow","max-snippet":"max-snippet:-1","max-image-preview":"max-image-preview:large","max-video-preview":"max-video-preview:-1"},"canonical":"https:\/\/beyondlimits.gr\/epikoinonia\/","og_locale":"de_DE","og_type":"article","og_title":"Kontakt - Jenseits der Grenzen | Rafting, Wandern &amp; Abenteuer in Epirus","og_description":"Kontakt Die Kontaktaufnahme mit uns ist nicht nur eine Formalit\u00e4t &#8211; sie ist der erste Schritt zur Gestaltung des Erlebnisses, von dem Sie gemeinsam tr\u00e4umen. Wir sind hier, um Ihnen zuzuh\u00f6ren, Sie zu f\u00fchren und Ihnen die Reise vorzuschlagen, die am besten zu Ihnen passt. Adresse:Acheron-Quellen, Vuvopotamos, Preveza, Griechenland, 48062 +30 6970 353 354 info@beyondlimits.gr [&hellip;]","og_url":"https:\/\/beyondlimits.gr\/epikoinonia\/","og_site_name":"Jenseits der Grenzen | Rafting, Wandern &amp; Abenteuer in Epirus","article_publisher":"https:\/\/www.facebook.com\/beyondlimitsactivities\/","article_modified_time":"2025-05-05T12:31:50+00:00","og_image":[{"width":795,"height":404,"url":"https:\/\/beyondlimits.gr\/wp-content\/uploads\/2024\/09\/logo1BL-1.png","type":"image\/png"}],"twitter_card":"summary_large_image","twitter_misc":{"Gesch\u00e4tzte Lesezeit":"1\u00a0Minute"},"schema":{"@context":"https:\/\/schema.org","@graph":[{"@type":"WebPage","@id":"https:\/\/beyondlimits.gr\/epikoinonia\/","url":"https:\/\/beyondlimits.gr\/epikoinonia\/","name":"Kontakt - Jenseits der Grenzen | Rafting, Wandern &amp; Abenteuer in Epirus","isPartOf":{"@id":"https:\/\/beyondlimits.gr\/#website"},"datePublished":"2024-09-01T09:51:16+00:00","dateModified":"2025-05-05T12:31:50+00:00","breadcrumb":{"@id":"https:\/\/beyondlimits.gr\/epikoinonia\/#breadcrumb"},"inLanguage":"de","potentialAction":[{"@type":"ReadAction","target":["https:\/\/beyondlimits.gr\/epikoinonia\/"]}]},{"@type":"BreadcrumbList","@id":"https:\/\/beyondlimits.gr\/epikoinonia\/#breadcrumb","itemListElement":[{"@type":"ListItem","position":1,"name":"\u0391\u03c1\u03c7\u03b9\u03ba\u03ae","item":"https:\/\/beyondlimits.gr\/"},{"@type":"ListItem","position":2,"name":"Kontakt"}]},{"@type":"WebSite","@id":"https:\/\/beyondlimits.gr\/#website","url":"https:\/\/beyondlimits.gr\/","name":"Jenseits der Grenzen | Rafting, Wandern &amp; Abenteuer in Epirus","description":"Rafting, Wandern, kulturelle Routen und bequeme Transfers von\/nach Preveza, Athen, Thessaloniki, Igoumenitsa und mehr.","publisher":{"@id":"https:\/\/beyondlimits.gr\/#organization"},"potentialAction":[{"@type":"SearchAction","target":{"@type":"EntryPoint","urlTemplate":"https:\/\/beyondlimits.gr\/?s={search_term_string}"},"query-input":{"@type":"PropertyValueSpecification","valueRequired":true,"valueName":"search_term_string"}}],"inLanguage":"de"},{"@type":"Organization","@id":"https:\/\/beyondlimits.gr\/#organization","name":"Beyond Limits","url":"https:\/\/beyondlimits.gr\/","logo":{"@type":"ImageObject","inLanguage":"de","@id":"https:\/\/beyondlimits.gr\/#\/schema\/logo\/image\/","url":"https:\/\/beyondlimits.gr\/wp-content\/uploads\/2024\/09\/beyondlimits-finallogo-withcolor.svg","contentUrl":"https:\/\/beyondlimits.gr\/wp-content\/uploads\/2024\/09\/beyondlimits-finallogo-withcolor.svg","width":1,"height":1,"caption":"Beyond Limits"},"image":{"@id":"https:\/\/beyondlimits.gr\/#\/schema\/logo\/image\/"},"sameAs":["https:\/\/www.facebook.com\/beyondlimitsactivities\/","https:\/\/www.tiktok.com\/@beyondlimits.gr"]}]}},"_links":{"self":[{"href":"https:\/\/beyondlimits.gr\/de\/wp-json\/wp\/v2\/pages\/3150","targetHints":{"allow":["GET"]}}],"collection":[{"href":"https:\/\/beyondlimits.gr\/de\/wp-json\/wp\/v2\/pages"}],"about":[{"href":"https:\/\/beyondlimits.gr\/de\/wp-json\/wp\/v2\/types\/page"}],"author":[{"embeddable":true,"href":"https:\/\/beyondlimits.gr\/de\/wp-json\/wp\/v2\/users\/1"}],"replies":[{"embeddable":true,"href":"https:\/\/beyondlimits.gr\/de\/wp-json\/wp\/v2\/comments?post=3150"}],"version-history":[{"count":6,"href":"https:\/\/beyondlimits.gr\/de\/wp-json\/wp\/v2\/pages\/3150\/revisions"}],"predecessor-version":[{"id":3299,"href":"https:\/\/beyondlimits.gr\/de\/wp-json\/wp\/v2\/pages\/3150\/revisions\/3299"}],"wp:attachment":[{"href":"https:\/\/beyondlimits.gr\/de\/wp-json\/wp\/v2\/media?parent=3150"}],"curies":[{"name":"wp","href":"https:\/\/api.w.org\/{rel}","templated":true}]}}