{"id":3097,"date":"2025-04-16T10:12:06","date_gmt":"2025-04-16T07:12:06","guid":{"rendered":"https:\/\/beyondlimits.gr\/anfrage-fuer-einen-privaten-transfer-zu-einem-ziel-ihrer-wahl\/"},"modified":"2025-05-05T13:20:41","modified_gmt":"2025-05-05T10:20:41","slug":"anfrage-fuer-einen-privaten-transfer-zu-einem-ziel-ihrer-wahl","status":"publish","type":"page","link":"https:\/\/beyondlimits.gr\/de\/private-verkehrsdienste\/anfrage-fuer-einen-privaten-transfer-zu-einem-ziel-ihrer-wahl\/","title":{"rendered":"Anfrage f\u00fcr einen privaten Transfer zu einem Ziel Ihrer Wahl"},"content":{"rendered":"\t\t<div data-elementor-type=\"wp-page\" data-elementor-id=\"3097\" class=\"elementor elementor-3097 elementor-2733\" data-elementor-post-type=\"page\">\n\t\t\t\t\t\t<section class=\"elementor-section elementor-top-section elementor-element elementor-element-e235dae elementor-section-height-min-height elementor-section-full_width elementor-section-height-default elementor-section-items-middle\" data-id=\"e235dae\" data-element_type=\"section\" data-settings=\"{&quot;background_background&quot;:&quot;classic&quot;}\">\n\t\t\t\t\t\t\t<div class=\"elementor-background-overlay\"><\/div>\n\t\t\t\t\t\t\t<div class=\"elementor-container elementor-column-gap-default\">\n\t\t\t\t\t<div class=\"elementor-column elementor-col-50 elementor-top-column elementor-element elementor-element-20115ba\" data-id=\"20115ba\" data-element_type=\"column\" data-settings=\"{&quot;background_background&quot;:&quot;classic&quot;}\">\n\t\t\t<div class=\"elementor-widget-wrap elementor-element-populated\">\n\t\t\t\t\t<div class=\"elementor-background-overlay\"><\/div>\n\t\t\t\t\t\t<div class=\"elementor-element elementor-element-d6dfde2 elementor-widget elementor-widget-heading\" data-id=\"d6dfde2\" data-element_type=\"widget\" data-widget_type=\"heading.default\">\n\t\t\t\t<div class=\"elementor-widget-container\">\n\t\t\t\t\t<h1 class=\"elementor-heading-title elementor-size-default\">Anfrage f\u00fcr einen privaten Transfer zu einem Ziel Ihrer Wahl<\/h1>\t\t\t\t<\/div>\n\t\t\t\t<\/div>\n\t\t\t\t<div class=\"elementor-element elementor-element-3547858 elementor-widget__width-initial elementor-widget elementor-widget-text-editor\" data-id=\"3547858\" data-element_type=\"widget\" data-widget_type=\"text-editor.default\">\n\t\t\t\t<div class=\"elementor-widget-container\">\n\t\t\t\t\t\t\t\t\t<p>Haben Sie Ihr gew\u00fcnschtes Ziel nicht gefunden? Unser Team steht zu Ihrer Verf\u00fcgung, um einen privaten Transfer exklusiv f\u00fcr Sie zu organisieren. F\u00fcllen Sie das untenstehende Formular mit den Details Ihrer Anfrage aus und wir werden Sie umgehend kontaktieren.  <\/p>\t\t\t\t\t\t\t\t<\/div>\n\t\t\t\t<\/div>\n\t\t\t\t\t<\/div>\n\t\t<\/div>\n\t\t\t\t<div class=\"elementor-column elementor-col-50 elementor-top-column elementor-element elementor-element-e8dd041\" data-id=\"e8dd041\" data-element_type=\"column\">\n\t\t\t<div class=\"elementor-widget-wrap\">\n\t\t\t\t\t\t\t<\/div>\n\t\t<\/div>\n\t\t\t\t\t<\/div>\n\t\t<\/section>\n\t\t\t\t<section class=\"elementor-section elementor-top-section elementor-element elementor-element-54db727 elementor-section-boxed elementor-section-height-default elementor-section-height-default\" data-id=\"54db727\" data-element_type=\"section\">\n\t\t\t\t\t\t<div class=\"elementor-container elementor-column-gap-default\">\n\t\t\t\t\t<div class=\"elementor-column elementor-col-100 elementor-top-column elementor-element elementor-element-48d8554\" data-id=\"48d8554\" data-element_type=\"column\">\n\t\t\t<div class=\"elementor-widget-wrap elementor-element-populated\">\n\t\t\t\t\t\t<div class=\"elementor-element elementor-element-f99645c elementor-widget__width-initial elementor-widget elementor-widget-heading\" data-id=\"f99645c\" data-element_type=\"widget\" data-widget_type=\"heading.default\">\n\t\t\t\t<div class=\"elementor-widget-container\">\n\t\t\t\t\t<h2 class=\"elementor-heading-title elementor-size-default\">Kontakt<\/h2>\t\t\t\t<\/div>\n\t\t\t\t<\/div>\n\t\t\t\t<div class=\"elementor-element elementor-element-908bf44 elementor-button-align-center elementor-widget elementor-widget-form\" data-id=\"908bf44\" data-element_type=\"widget\" data-settings=\"{&quot;step_next_label&quot;:&quot;Weiter&quot;,&quot;step_previous_label&quot;:&quot;Vorherige&quot;,&quot;button_width&quot;:&quot;100&quot;,&quot;step_type&quot;:&quot;number_text&quot;,&quot;step_icon_shape&quot;:&quot;circle&quot;}\" data-widget_type=\"form.default\">\n\t\t\t\t<div class=\"elementor-widget-container\">\n\t\t\t\t\t\t\t<form class=\"elementor-form\" method=\"post\" name=\"Beyond Limits Anfrage f\u00fcr einen privaten Transfer zu einem Ziel Ihrer Wahl\">\n\t\t\t<input type=\"hidden\" name=\"post_id\" value=\"3097\"\/>\n\t\t\t<input type=\"hidden\" name=\"form_id\" value=\"908bf44\"\/>\n\t\t\t<input type=\"hidden\" name=\"referer_title\" value=\"Jenseits der Grenzen | Rafting, Wandern &amp; Abenteuer in Epirus\" \/>\n\n\t\t\t\n\t\t\t<div class=\"elementor-form-fields-wrapper elementor-labels-above\">\n\t\t\t\t\t\t\t\t<div class=\"elementor-field-type-text elementor-field-group elementor-column elementor-field-group-name elementor-col-50\">\n\t\t\t\t\t\t\t\t\t\t\t\t\t<input size=\"1\" type=\"text\" name=\"form_fields[name]\" id=\"form-field-name\" class=\"elementor-field elementor-size-md  elementor-field-textual\" placeholder=\"Name\">\n\t\t\t\t\t\t\t\t\t\t\t<\/div>\n\t\t\t\t\t\t\t\t<div class=\"elementor-field-type-text elementor-field-group elementor-column elementor-field-group-field_a011daf elementor-col-50\">\n\t\t\t\t\t\t\t\t\t\t\t\t\t<input size=\"1\" type=\"text\" name=\"form_fields[field_a011daf]\" id=\"form-field-field_a011daf\" class=\"elementor-field elementor-size-md  elementor-field-textual\" placeholder=\"Nachname\">\n\t\t\t\t\t\t\t\t\t\t\t<\/div>\n\t\t\t\t\t\t\t\t<div class=\"elementor-field-type-tel elementor-field-group elementor-column elementor-field-group-field_0f588b5 elementor-col-50\">\n\t\t\t\t\t\t\t<input size=\"1\" type=\"tel\" name=\"form_fields[field_0f588b5]\" id=\"form-field-field_0f588b5\" class=\"elementor-field elementor-size-md  elementor-field-textual\" placeholder=\"Telefon\" pattern=\"[0-9()#&amp;+*-=.]+\" title=\"Nur Nummern oder Telefon-Zeichen (#, -, *, etc) werden akzeptiert.\">\n\n\t\t\t\t\t\t<\/div>\n\t\t\t\t\t\t\t\t<div class=\"elementor-field-type-email elementor-field-group elementor-column elementor-field-group-email elementor-col-50 elementor-field-required\">\n\t\t\t\t\t\t\t\t\t\t\t\t\t<input size=\"1\" type=\"email\" name=\"form_fields[email]\" id=\"form-field-email\" class=\"elementor-field elementor-size-md  elementor-field-textual\" placeholder=\"E-Mail\" required=\"required\">\n\t\t\t\t\t\t\t\t\t\t\t<\/div>\n\t\t\t\t\t\t\t\t<div class=\"elementor-field-type-text elementor-field-group elementor-column elementor-field-group-field_a832e38 elementor-col-50\">\n\t\t\t\t\t\t\t\t\t\t\t\t\t<input size=\"1\" type=\"text\" name=\"form_fields[field_a832e38]\" id=\"form-field-field_a832e38\" class=\"elementor-field elementor-size-md  elementor-field-textual\" placeholder=\"Erw\u00fcnschtes Ziel\">\n\t\t\t\t\t\t\t\t\t\t\t<\/div>\n\t\t\t\t\t\t\t\t<div class=\"elementor-field-type-date elementor-field-group elementor-column elementor-field-group-field_d151c0c elementor-col-50\">\n\t\t\t\t\t\n\t\t<input type=\"date\" name=\"form_fields[field_d151c0c]\" id=\"form-field-field_d151c0c\" class=\"elementor-field elementor-size-md  elementor-field-textual elementor-date-field\" placeholder=\"Datum der \u00dcbertragung  \" pattern=\"[0-9]{4}-[0-9]{2}-[0-9]{2}\">\n\t\t\t\t\t\t<\/div>\n\t\t\t\t\t\t\t\t<div class=\"elementor-field-type-number elementor-field-group elementor-column elementor-field-group-field_5eba30e elementor-col-50\">\n\t\t\t\t\t\t\t\t<input type=\"number\" name=\"form_fields[field_5eba30e]\" id=\"form-field-field_5eba30e\" class=\"elementor-field elementor-size-md  elementor-field-textual\" placeholder=\"Anzahl der Personen\" min=\"\" max=\"\" >\n\t\t\t\t\t\t<\/div>\n\t\t\t\t\t\t\t\t<div class=\"elementor-field-type-text elementor-field-group elementor-column elementor-field-group-field_d10c9eb elementor-col-50\">\n\t\t\t\t\t\t\t\t\t\t\t\t\t<input size=\"1\" type=\"text\" name=\"form_fields[field_d10c9eb]\" id=\"form-field-field_d10c9eb\" class=\"elementor-field elementor-size-md  elementor-field-textual\" placeholder=\"Ort des Eingangs  \">\n\t\t\t\t\t\t\t\t\t\t\t<\/div>\n\t\t\t\t\t\t\t\t<div class=\"elementor-field-type-textarea elementor-field-group elementor-column elementor-field-group-message elementor-col-100\">\n\t\t\t\t\t<textarea class=\"elementor-field-textual elementor-field  elementor-size-md\" name=\"form_fields[message]\" id=\"form-field-message\" rows=\"4\" placeholder=\"Anmerkungen  \"><\/textarea>\t\t\t\t<\/div>\n\t\t\t\t\t\t\t\t<div class=\"elementor-field-type-recaptcha_v3 elementor-field-group elementor-column elementor-field-group-field_1f54b20 elementor-col-100 recaptcha_v3-bottomleft\">\n\t\t\t\t\t<div class=\"elementor-field\" id=\"form-field-field_1f54b20\"><div class=\"elementor-g-recaptcha\" data-sitekey=\"6LeVWhgrAAAAAFv1zRMMNGQSepqDK6ZarPG83F2q\" data-type=\"v3\" data-action=\"Form\" data-badge=\"bottomleft\" data-size=\"invisible\"><\/div><\/div>\t\t\t\t<\/div>\n\t\t\t\t\t\t\t\t<div class=\"elementor-field-group elementor-column elementor-field-type-submit elementor-col-100 e-form__buttons\">\n\t\t\t\t\t<button class=\"elementor-button elementor-size-sm\" type=\"submit\">\n\t\t\t\t\t\t<span class=\"elementor-button-content-wrapper\">\n\t\t\t\t\t\t\t\t\t\t\t\t\t\t\t\t\t\t\t\t\t\t<span class=\"elementor-button-text\">Senden an<\/span>\n\t\t\t\t\t\t\t\t\t\t\t\t\t<\/span>\n\t\t\t\t\t<\/button>\n\t\t\t\t<\/div>\n\t\t\t<\/div>\n\t\t<\/form>\n\t\t\t\t\t\t<\/div>\n\t\t\t\t<\/div>\n\t\t\t\t\t<\/div>\n\t\t<\/div>\n\t\t\t\t\t<\/div>\n\t\t<\/section>\n\t\t\t\t<\/div>\n\t\t","protected":false},"excerpt":{"rendered":"<p>Anfrage f\u00fcr einen privaten Transfer zu einem Ziel Ihrer Wahl Haben Sie Ihr gew\u00fcnschtes Ziel nicht gefunden? Unser Team steht zu Ihrer Verf\u00fcgung, um einen privaten Transfer exklusiv f\u00fcr Sie zu organisieren. F\u00fcllen Sie das untenstehende Formular mit den Details Ihrer Anfrage aus und wir werden Sie umgehend kontaktieren. Kontakt<\/p>\n","protected":false},"author":1,"featured_media":0,"parent":3129,"menu_order":0,"comment_status":"closed","ping_status":"closed","template":"","meta":{"footnotes":""},"class_list":["post-3097","page","type-page","status-publish","hentry"],"yoast_head":"<!-- This site is optimized with the Yoast SEO plugin v24.9 - https:\/\/yoast.com\/wordpress\/plugins\/seo\/ -->\n<title>Anfrage f\u00fcr einen privaten Transfer zu einem Ziel Ihrer Wahl - Jenseits der Grenzen | Rafting, Wandern &amp; Abenteuer in Epirus<\/title>\n<meta name=\"robots\" content=\"index, follow, max-snippet:-1, max-image-preview:large, max-video-preview:-1\" \/>\n<link rel=\"canonical\" href=\"https:\/\/beyondlimits.gr\/idiotikes-ypiresies-metaforas\/aitima-gia-idiotiki-metafora-se-proorismo-tis-epilogis-sas\/\" \/>\n<meta property=\"og:locale\" content=\"de_DE\" \/>\n<meta property=\"og:type\" content=\"article\" \/>\n<meta property=\"og:title\" content=\"Anfrage f\u00fcr einen privaten Transfer zu einem Ziel Ihrer Wahl - Jenseits der Grenzen | Rafting, Wandern &amp; Abenteuer in Epirus\" \/>\n<meta property=\"og:description\" content=\"Anfrage f\u00fcr einen privaten Transfer zu einem Ziel Ihrer Wahl Haben Sie Ihr gew\u00fcnschtes Ziel nicht gefunden? Unser Team steht zu Ihrer Verf\u00fcgung, um einen privaten Transfer exklusiv f\u00fcr Sie zu organisieren. F\u00fcllen Sie das untenstehende Formular mit den Details Ihrer Anfrage aus und wir werden Sie umgehend kontaktieren. Kontakt\" \/>\n<meta property=\"og:url\" content=\"https:\/\/beyondlimits.gr\/idiotikes-ypiresies-metaforas\/aitima-gia-idiotiki-metafora-se-proorismo-tis-epilogis-sas\/\" \/>\n<meta property=\"og:site_name\" content=\"Jenseits der Grenzen | Rafting, Wandern &amp; Abenteuer in Epirus\" \/>\n<meta property=\"article:publisher\" content=\"https:\/\/www.facebook.com\/beyondlimitsactivities\/\" \/>\n<meta property=\"article:modified_time\" content=\"2025-05-05T10:20:41+00:00\" \/>\n<meta property=\"og:image\" content=\"https:\/\/beyondlimits.gr\/wp-content\/uploads\/2024\/09\/logo1BL-1.png\" \/>\n\t<meta property=\"og:image:width\" content=\"795\" \/>\n\t<meta property=\"og:image:height\" content=\"404\" \/>\n\t<meta property=\"og:image:type\" content=\"image\/png\" \/>\n<meta name=\"twitter:card\" content=\"summary_large_image\" \/>\n<script type=\"application\/ld+json\" class=\"yoast-schema-graph\">{\"@context\":\"https:\/\/schema.org\",\"@graph\":[{\"@type\":\"WebPage\",\"@id\":\"https:\/\/beyondlimits.gr\/idiotikes-ypiresies-metaforas\/aitima-gia-idiotiki-metafora-se-proorismo-tis-epilogis-sas\/\",\"url\":\"https:\/\/beyondlimits.gr\/idiotikes-ypiresies-metaforas\/aitima-gia-idiotiki-metafora-se-proorismo-tis-epilogis-sas\/\",\"name\":\"Anfrage f\u00fcr einen privaten Transfer zu einem Ziel Ihrer Wahl - Jenseits der Grenzen | Rafting, Wandern &amp; Abenteuer in Epirus\",\"isPartOf\":{\"@id\":\"https:\/\/beyondlimits.gr\/#website\"},\"datePublished\":\"2025-04-16T07:12:06+00:00\",\"dateModified\":\"2025-05-05T10:20:41+00:00\",\"breadcrumb\":{\"@id\":\"https:\/\/beyondlimits.gr\/idiotikes-ypiresies-metaforas\/aitima-gia-idiotiki-metafora-se-proorismo-tis-epilogis-sas\/#breadcrumb\"},\"inLanguage\":\"de\",\"potentialAction\":[{\"@type\":\"ReadAction\",\"target\":[\"https:\/\/beyondlimits.gr\/idiotikes-ypiresies-metaforas\/aitima-gia-idiotiki-metafora-se-proorismo-tis-epilogis-sas\/\"]}]},{\"@type\":\"BreadcrumbList\",\"@id\":\"https:\/\/beyondlimits.gr\/idiotikes-ypiresies-metaforas\/aitima-gia-idiotiki-metafora-se-proorismo-tis-epilogis-sas\/#breadcrumb\",\"itemListElement\":[{\"@type\":\"ListItem\",\"position\":1,\"name\":\"\u0391\u03c1\u03c7\u03b9\u03ba\u03ae\",\"item\":\"https:\/\/beyondlimits.gr\/\"},{\"@type\":\"ListItem\",\"position\":2,\"name\":\"Private Verkehrsdienste\",\"item\":\"https:\/\/beyondlimits.gr\/idiotikes-ypiresies-metaforas\/\"},{\"@type\":\"ListItem\",\"position\":3,\"name\":\"Anfrage f\u00fcr einen privaten Transfer zu einem Ziel Ihrer Wahl\"}]},{\"@type\":\"WebSite\",\"@id\":\"https:\/\/beyondlimits.gr\/#website\",\"url\":\"https:\/\/beyondlimits.gr\/\",\"name\":\"Jenseits der Grenzen | Rafting, Wandern &amp; Abenteuer in Epirus\",\"description\":\"Rafting, Wandern, kulturelle Routen und bequeme Transfers von\/nach Preveza, Athen, Thessaloniki, Igoumenitsa und mehr.\",\"publisher\":{\"@id\":\"https:\/\/beyondlimits.gr\/#organization\"},\"potentialAction\":[{\"@type\":\"SearchAction\",\"target\":{\"@type\":\"EntryPoint\",\"urlTemplate\":\"https:\/\/beyondlimits.gr\/?s={search_term_string}\"},\"query-input\":{\"@type\":\"PropertyValueSpecification\",\"valueRequired\":true,\"valueName\":\"search_term_string\"}}],\"inLanguage\":\"de\"},{\"@type\":\"Organization\",\"@id\":\"https:\/\/beyondlimits.gr\/#organization\",\"name\":\"Beyond Limits\",\"url\":\"https:\/\/beyondlimits.gr\/\",\"logo\":{\"@type\":\"ImageObject\",\"inLanguage\":\"de\",\"@id\":\"https:\/\/beyondlimits.gr\/#\/schema\/logo\/image\/\",\"url\":\"https:\/\/beyondlimits.gr\/wp-content\/uploads\/2024\/09\/beyondlimits-finallogo-withcolor.svg\",\"contentUrl\":\"https:\/\/beyondlimits.gr\/wp-content\/uploads\/2024\/09\/beyondlimits-finallogo-withcolor.svg\",\"width\":1,\"height\":1,\"caption\":\"Beyond Limits\"},\"image\":{\"@id\":\"https:\/\/beyondlimits.gr\/#\/schema\/logo\/image\/\"},\"sameAs\":[\"https:\/\/www.facebook.com\/beyondlimitsactivities\/\",\"https:\/\/www.tiktok.com\/@beyondlimits.gr\"]}]}<\/script>\n<!-- \/ Yoast SEO plugin. -->","yoast_head_json":{"title":"Anfrage f\u00fcr einen privaten Transfer zu einem Ziel Ihrer Wahl - Jenseits der Grenzen | Rafting, Wandern &amp; Abenteuer in Epirus","robots":{"index":"index","follow":"follow","max-snippet":"max-snippet:-1","max-image-preview":"max-image-preview:large","max-video-preview":"max-video-preview:-1"},"canonical":"https:\/\/beyondlimits.gr\/idiotikes-ypiresies-metaforas\/aitima-gia-idiotiki-metafora-se-proorismo-tis-epilogis-sas\/","og_locale":"de_DE","og_type":"article","og_title":"Anfrage f\u00fcr einen privaten Transfer zu einem Ziel Ihrer Wahl - Jenseits der Grenzen | Rafting, Wandern &amp; Abenteuer in Epirus","og_description":"Anfrage f\u00fcr einen privaten Transfer zu einem Ziel Ihrer Wahl Haben Sie Ihr gew\u00fcnschtes Ziel nicht gefunden? Unser Team steht zu Ihrer Verf\u00fcgung, um einen privaten Transfer exklusiv f\u00fcr Sie zu organisieren. F\u00fcllen Sie das untenstehende Formular mit den Details Ihrer Anfrage aus und wir werden Sie umgehend kontaktieren. Kontakt","og_url":"https:\/\/beyondlimits.gr\/idiotikes-ypiresies-metaforas\/aitima-gia-idiotiki-metafora-se-proorismo-tis-epilogis-sas\/","og_site_name":"Jenseits der Grenzen | Rafting, Wandern &amp; Abenteuer in Epirus","article_publisher":"https:\/\/www.facebook.com\/beyondlimitsactivities\/","article_modified_time":"2025-05-05T10:20:41+00:00","og_image":[{"width":795,"height":404,"url":"https:\/\/beyondlimits.gr\/wp-content\/uploads\/2024\/09\/logo1BL-1.png","type":"image\/png"}],"twitter_card":"summary_large_image","schema":{"@context":"https:\/\/schema.org","@graph":[{"@type":"WebPage","@id":"https:\/\/beyondlimits.gr\/idiotikes-ypiresies-metaforas\/aitima-gia-idiotiki-metafora-se-proorismo-tis-epilogis-sas\/","url":"https:\/\/beyondlimits.gr\/idiotikes-ypiresies-metaforas\/aitima-gia-idiotiki-metafora-se-proorismo-tis-epilogis-sas\/","name":"Anfrage f\u00fcr einen privaten Transfer zu einem Ziel Ihrer Wahl - Jenseits der Grenzen | Rafting, Wandern &amp; Abenteuer in Epirus","isPartOf":{"@id":"https:\/\/beyondlimits.gr\/#website"},"datePublished":"2025-04-16T07:12:06+00:00","dateModified":"2025-05-05T10:20:41+00:00","breadcrumb":{"@id":"https:\/\/beyondlimits.gr\/idiotikes-ypiresies-metaforas\/aitima-gia-idiotiki-metafora-se-proorismo-tis-epilogis-sas\/#breadcrumb"},"inLanguage":"de","potentialAction":[{"@type":"ReadAction","target":["https:\/\/beyondlimits.gr\/idiotikes-ypiresies-metaforas\/aitima-gia-idiotiki-metafora-se-proorismo-tis-epilogis-sas\/"]}]},{"@type":"BreadcrumbList","@id":"https:\/\/beyondlimits.gr\/idiotikes-ypiresies-metaforas\/aitima-gia-idiotiki-metafora-se-proorismo-tis-epilogis-sas\/#breadcrumb","itemListElement":[{"@type":"ListItem","position":1,"name":"\u0391\u03c1\u03c7\u03b9\u03ba\u03ae","item":"https:\/\/beyondlimits.gr\/"},{"@type":"ListItem","position":2,"name":"Private Verkehrsdienste","item":"https:\/\/beyondlimits.gr\/idiotikes-ypiresies-metaforas\/"},{"@type":"ListItem","position":3,"name":"Anfrage f\u00fcr einen privaten Transfer zu einem Ziel Ihrer Wahl"}]},{"@type":"WebSite","@id":"https:\/\/beyondlimits.gr\/#website","url":"https:\/\/beyondlimits.gr\/","name":"Jenseits der Grenzen | Rafting, Wandern &amp; Abenteuer in Epirus","description":"Rafting, Wandern, kulturelle Routen und bequeme Transfers von\/nach Preveza, Athen, Thessaloniki, Igoumenitsa und mehr.","publisher":{"@id":"https:\/\/beyondlimits.gr\/#organization"},"potentialAction":[{"@type":"SearchAction","target":{"@type":"EntryPoint","urlTemplate":"https:\/\/beyondlimits.gr\/?s={search_term_string}"},"query-input":{"@type":"PropertyValueSpecification","valueRequired":true,"valueName":"search_term_string"}}],"inLanguage":"de"},{"@type":"Organization","@id":"https:\/\/beyondlimits.gr\/#organization","name":"Beyond Limits","url":"https:\/\/beyondlimits.gr\/","logo":{"@type":"ImageObject","inLanguage":"de","@id":"https:\/\/beyondlimits.gr\/#\/schema\/logo\/image\/","url":"https:\/\/beyondlimits.gr\/wp-content\/uploads\/2024\/09\/beyondlimits-finallogo-withcolor.svg","contentUrl":"https:\/\/beyondlimits.gr\/wp-content\/uploads\/2024\/09\/beyondlimits-finallogo-withcolor.svg","width":1,"height":1,"caption":"Beyond Limits"},"image":{"@id":"https:\/\/beyondlimits.gr\/#\/schema\/logo\/image\/"},"sameAs":["https:\/\/www.facebook.com\/beyondlimitsactivities\/","https:\/\/www.tiktok.com\/@beyondlimits.gr"]}]}},"_links":{"self":[{"href":"https:\/\/beyondlimits.gr\/de\/wp-json\/wp\/v2\/pages\/3097","targetHints":{"allow":["GET"]}}],"collection":[{"href":"https:\/\/beyondlimits.gr\/de\/wp-json\/wp\/v2\/pages"}],"about":[{"href":"https:\/\/beyondlimits.gr\/de\/wp-json\/wp\/v2\/types\/page"}],"author":[{"embeddable":true,"href":"https:\/\/beyondlimits.gr\/de\/wp-json\/wp\/v2\/users\/1"}],"replies":[{"embeddable":true,"href":"https:\/\/beyondlimits.gr\/de\/wp-json\/wp\/v2\/comments?post=3097"}],"version-history":[{"count":1,"href":"https:\/\/beyondlimits.gr\/de\/wp-json\/wp\/v2\/pages\/3097\/revisions"}],"predecessor-version":[{"id":3098,"href":"https:\/\/beyondlimits.gr\/de\/wp-json\/wp\/v2\/pages\/3097\/revisions\/3098"}],"up":[{"embeddable":true,"href":"https:\/\/beyondlimits.gr\/de\/wp-json\/wp\/v2\/pages\/3129"}],"wp:attachment":[{"href":"https:\/\/beyondlimits.gr\/de\/wp-json\/wp\/v2\/media?parent=3097"}],"curies":[{"name":"wp","href":"https:\/\/api.w.org\/{rel}","templated":true}]}}